{"id":939,"date":"2014-07-09T16:04:43","date_gmt":"2014-07-09T16:04:43","guid":{"rendered":"http:\/\/masiacalagusti.com\/la-masia-2\/"},"modified":"2015-06-04T08:23:51","modified_gmt":"2015-06-04T08:23:51","slug":"la-masia","status":"publish","type":"page","link":"https:\/\/masiacalagusti.com\/fr\/la-masia\/","title":{"rendered":"La Masia"},"content":{"rendered":"\n<style type=\"text\/css\" data-created_by=\"avia_inline_auto\" id=\"style-css-av-av_section-259ebf4149d18e6aa054ac4ba92c407b\">\n.avia-section.av-av_section-259ebf4149d18e6aa054ac4ba92c407b .av-parallax .av-parallax-inner{\nbackground-repeat:no-repeat;\nbackground-image:url(https:\/\/masiacalagusti.com\/wp-content\/uploads\/2014\/07\/MG_7900-1500x1000.jpg);\nbackground-position:0% 0%;\nbackground-attachment:scroll;\n}\n<\/style>\n<div id='av_section_1'  class='avia-section av-av_section-259ebf4149d18e6aa054ac4ba92c407b main_color avia-section-default avia-no-shadow  avia-builder-el-0  el_before_av_one_full  avia-builder-el-first  avia-full-stretch av-parallax-section avia-bg-style-parallax  av-minimum-height av-minimum-height-75  container_wrap sidebar_right'  data-section-bg-repeat='stretch' data-av_minimum_height_pc='75'><div class='av-parallax' data-avia-parallax-ratio='0.3' ><div class='av-parallax-inner main_color avia-full-stretch'><\/div><\/div><div class='container av-section-cont-open' ><main  role=\"main\" itemprop=\"mainContentOfPage\"  class='template-page content  av-content-small alpha units'><div class='post-entry post-entry-type-page post-entry-939'><div class='entry-content-wrapper clearfix'>\n\n<style type=\"text\/css\" data-created_by=\"avia_inline_auto\" id=\"style-css-av-av_hr-bafcc806efd0b82b1c19387972fa8e37\">\n#top .hr.hr-invisible.av-av_hr-bafcc806efd0b82b1c19387972fa8e37{\nheight:225px;\n}\n<\/style>\n<div  class='hr av-av_hr-bafcc806efd0b82b1c19387972fa8e37 hr-invisible  avia-builder-el-1  el_before_av_heading  avia-builder-el-first  '><span class='hr-inner '><span class=\"hr-inner-style\"><\/span><\/span><\/div>\n\n<style type=\"text\/css\" data-created_by=\"avia_inline_auto\" id=\"style-css-av-av_heading-fcdf00cb88da77305ee007cdf0f626ab\">\n#top .av-special-heading.av-av_heading-fcdf00cb88da77305ee007cdf0f626ab{\npadding-bottom:0px;\ncolor:#ffffff;\nfont-size:60px;\n}\n.av-special-heading.av-av_heading-fcdf00cb88da77305ee007cdf0f626ab .special-heading-inner-border{\nborder-color:#ffffff;\n}\n.av-special-heading.av-av_heading-fcdf00cb88da77305ee007cdf0f626ab .av-subheading{\nfont-size:18px;\n}\n<\/style>\n<div  class='av-special-heading av-av_heading-fcdf00cb88da77305ee007cdf0f626ab av-special-heading-h1 custom-color-heading blockquote modern-quote  avia-builder-el-2  el_after_av_hr  avia-builder-el-last  av-inherit-size '><h1 class='av-special-heading-tag '  itemprop=\"headline\"  >La Mas\u00eda<\/h1><div class='av_custom_color av-subheading av-subheading_below '><p>L&rsquo;ancienne ferme a \u00e9t\u00e9 construite en pierre avec des poutres en bois. La maison a une superficie de 400 m2 et peut loger 10 personnes. Elle se situe dans un parc clotur\u00e9 de 11 hectares.<\/p>\n<\/div><div class='special-heading-border'><div class='special-heading-inner-border'><\/div><\/div><\/div>\n<\/div><\/div><\/main><!-- close content main element --><\/div><\/div><div id='after_section_1'  class='main_color av_default_container_wrap container_wrap sidebar_right'  ><div class='container av-section-cont-open' ><div class='template-page content  av-content-small alpha units'><div class='post-entry post-entry-type-page post-entry-939'><div class='entry-content-wrapper clearfix'>\n<div class='flex_column av-av_one_full-2a9015ff38129c418a3f2eafba3e9512 av_one_full  avia-builder-el-3  el_after_av_section  el_before_av_two_third  avia-builder-el-first  first flex_column_div '   ><\/div>\n<div class='flex_column av-av_two_third-2a9015ff38129c418a3f2eafba3e9512 av_two_third  avia-builder-el-4  el_after_av_one_full  el_before_av_one_third  first flex_column_div column-top-margin'   ><p>\n<style type=\"text\/css\" data-created_by=\"avia_inline_auto\" id=\"style-css-av-av_heading-910a00bf03ec1dd5c260801d36121b62\">\n#top .av-special-heading.av-av_heading-910a00bf03ec1dd5c260801d36121b62{\npadding-bottom:20px;\n}\n.av-special-heading.av-av_heading-910a00bf03ec1dd5c260801d36121b62 .av-subheading{\nfont-size:15px;\n}\n<\/style>\n<div  class='av-special-heading av-av_heading-910a00bf03ec1dd5c260801d36121b62 av-special-heading-h2 blockquote modern-quote  avia-builder-el-5  el_before_av_textblock  avia-builder-el-first  av-thin-font '><h2 class='av-special-heading-tag '  itemprop=\"headline\"  >La paix et la tranquillit\u00e9 <strong>au centre de la nature<\/strong><\/h2><div class='av-subheading av-subheading_below '><p>Nous vous pr\u00e9sentons Masia Cal Agust\u00ed<\/p>\n<\/div><div class='special-heading-border'><div class='special-heading-inner-border'><\/div><\/div><\/div><br \/>\n<section class=\"av_textblock_section \"  itemscope=\"itemscope\" itemtype=\"https:\/\/schema.org\/CreativeWork\" ><div class='avia_textblock  '   itemprop=\"text\" ><p>Si vous cherchez une maison \u00e0 la campagne avec piscine, pr\u00e8s de la plage, situ\u00e9e dans un excellent environnement de paix et de tranquillit\u00e9, o\u00f9 chaque d\u00e9tail a \u00e9t\u00e9 minutieusement choisi, Mas\u00eda Cal Agusti est votre meilleur choix.<\/p>\n<p>La propri\u00e9t\u00e9 Cal Agust\u00ed se trouve dans un emplacement privil\u00e9gi\u00e9 dans le parc naturel de Montnegre, entour\u00e9e de for\u00eats et de vignobles luxurieux et \u00e0 seulement 10 minutes de la magnifique plage de Blanes (Costa Brava).<\/p>\n<p>L&rsquo;ancienne ferme a \u00e9t\u00e9 construite en pierre avec des poutres en bois. La maison a une superficie de 400 m2 et peut loger 10 personnes. Elle se situe dans un parc clotur\u00e9 de 11 hectares. Il y a aussi une grande piscine, des vignobles, des fruitiers, un jardin potager, une cave \u00e0 vin et une for\u00eat. Cal Agust\u00ed est \u00e9quip\u00e9e de chauffage, climatisation et Wifi gratuit.<\/p>\n<div id=\"target-fullposttranslate\" class=\"collapseomatic_content \"><\/div>\n<div id=\"target-fullposttranslate\" class=\"collapseomatic_content \"><\/div>\n<\/div><\/section><br \/>\n<section class=\"av_textblock_section \"  itemscope=\"itemscope\" itemtype=\"https:\/\/schema.org\/CreativeWork\" ><div class='avia_textblock  '   itemprop=\"text\" ><p>L&rsquo;int\u00e9rieur de la maison offre quatre suites avec salle de bains et une cinqui\u00e8me suite superbe avec salle de bains, jacuzzi, dressing et mini-cuisine priv\u00e9e pour le petit d\u00e9jeuner. La maison dispose d&rsquo;un salon magnifique et confortable avec une grande chemin\u00e9e avec coin TV, la zone de lecture et la zone musique. La salle \u00e0 manger a une table, des fauteuils berg\u00e8re en cuir marron vintage situ\u00e9s en face de la deuxi\u00e8me chemin\u00e9e en pierre. La cuisine est grande, avec des meubles en bois et enti\u00e8rement \u00e9quip\u00e9e. La maison dispose \u00e9galement d&rsquo;un bureau et deux toilettes invit\u00e9s.<\/p>\n<\/div><\/section><br \/>\n<section class=\"av_textblock_section \"  itemscope=\"itemscope\" itemtype=\"https:\/\/schema.org\/CreativeWork\" ><div class='avia_textblock  '   itemprop=\"text\" ><p>A l&rsquo;ext\u00e9rieur, d&rsquo;une part, nous trouvons la spectaculaire piscine de 14m entour\u00e9e de pelouses et de vignobles, compl\u00e9t\u00e9e par un porche confortable. D&rsquo;autre part, il y a un magnifique porche avec coin canap\u00e9 id\u00e9al pour les veill\u00e9es et salle \u00e0 manger ext\u00e9rieure sous une pergola en fer forg\u00e9 qui offre une vue imprenable sur la propri\u00e9t\u00e9, surplombant la ville de Blanes et le parc naturel de Montnegre. Aussi \u00e1 l\u2019ext\u00e9rieur se trouve la for\u00eat de pins et marais. Derri\u00e8re la maison il y a une table en pierre pour prendre l\u2019ap\u00e9ritif ou se reposer sous les arbres.<\/p>\n<p>Vous d\u00e9couvrirez qu&rsquo;il est possible de fusionner le calme, le luxe et la nature pr\u00e8s du sable et de la mer. Mas\u00eda Cal Agusti est unique! Vous tomberez amoureux!<\/p>\n<\/div><\/section><\/p><\/div>\n<div class='flex_column av-av_one_third-61f1f3fb8a14755dafdb04b8bcedc67a av_one_third  avia-builder-el-9  el_after_av_two_third  el_before_av_section  avia-builder-el-last  flex_column_div column-top-margin'   ><p>\n<style type=\"text\/css\" data-created_by=\"avia_inline_auto\" id=\"style-css-av-av_heading-802b8b14be3f10a4b16f850f0c15aab1\">\n#top .av-special-heading.av-av_heading-802b8b14be3f10a4b16f850f0c15aab1{\npadding-bottom:20px;\n}\n.av-special-heading.av-av_heading-802b8b14be3f10a4b16f850f0c15aab1 .av-subheading{\nfont-size:15px;\n}\n<\/style>\n<div  class='av-special-heading av-av_heading-802b8b14be3f10a4b16f850f0c15aab1 av-special-heading-h2 blockquote modern-quote  avia-builder-el-10  el_before_av_table  avia-builder-el-first  '><h2 class='av-special-heading-tag '  itemprop=\"headline\"  >Nature dans son essence pure. <\/h2><div class='av-subheading av-subheading_below '><p>Vous tomberez en amour !!<\/p>\n<\/div><div class='special-heading-border'><div class='special-heading-inner-border'><\/div><\/div><\/div><br \/>\n<div class='avia-data-table-wrap av-av_table-79567314f19fdf27597651e950bcbb3a avia_responsive_table avia-table-1 '><table  class='avia-table avia-data-table avia_pricing_default  avia-builder-el-11  el_after_av_heading  avia-builder-el-last '  itemscope=\"itemscope\" itemtype=\"https:\/\/schema.org\/Table\" ><tbody><tr class=''><td class=''>\n<style type=\"text\/css\" data-created_by=\"avia_inline_auto\" id=\"style-css-av-av_font_icon-b22ef7033503eafec775a87e840215a9\">\n.av_font_icon.av-av_font_icon-b22ef7033503eafec775a87e840215a9{\ncolor:#cc3030;\nborder-color:#cc3030;\n}\n.av_font_icon.av-av_font_icon-b22ef7033503eafec775a87e840215a9 .av-icon-char{\nfont-size:25px;\nline-height:25px;\n}\n<\/style>\n<span  class=\"av_font_icon av-av_font_icon-b22ef7033503eafec775a87e840215a9 avia_animate_when_visible av-icon-style- avia-icon-pos-left avia-icon-animate \"><span class='av-icon-char' aria-hidden='true' data-av_icon='\ue806' data-av_iconfont='entypo-fontello' ><\/span><\/span><\/td><td class=''>Mas\u00eda de luxe dans le parc naturel de Montnegre<\/td><\/tr><tr class=''><td class=''>\n<style type=\"text\/css\" data-created_by=\"avia_inline_auto\" id=\"style-css-av-av_font_icon-5c9ea085ff7521923d6c669add8a2543\">\n.av_font_icon.av-av_font_icon-5c9ea085ff7521923d6c669add8a2543{\ncolor:#cc3030;\nborder-color:#cc3030;\n}\n.av_font_icon.av-av_font_icon-5c9ea085ff7521923d6c669add8a2543 .av-icon-char{\nfont-size:25px;\nline-height:25px;\n}\n<\/style>\n<span  class=\"av_font_icon av-av_font_icon-5c9ea085ff7521923d6c669add8a2543 avia_animate_when_visible av-icon-style- avia-icon-pos-left avia-icon-animate \"><span class='av-icon-char' aria-hidden='true' data-av_icon='\ue862' data-av_iconfont='entypo-fontello' ><\/span><\/span><br \/>\n<\/td><td class=''>10 min plage de Costa Brava<\/td><\/tr><tr class=''><td class=''>\n<style type=\"text\/css\" data-created_by=\"avia_inline_auto\" id=\"style-css-av-av_font_icon-ca91d66cb56f967ff635fa28817ab170\">\n.av_font_icon.av-av_font_icon-ca91d66cb56f967ff635fa28817ab170{\ncolor:#cc3030;\nborder-color:#cc3030;\n}\n.av_font_icon.av-av_font_icon-ca91d66cb56f967ff635fa28817ab170 .av-icon-char{\nfont-size:25px;\nline-height:25px;\n}\n<\/style>\n<span  class=\"av_font_icon av-av_font_icon-ca91d66cb56f967ff635fa28817ab170 avia_animate_when_visible av-icon-style- avia-icon-pos-left avia-icon-animate \"><span class='av-icon-char' aria-hidden='true' data-av_icon='\ue812' data-av_iconfont='entypo-fontello' ><\/span><\/span><br \/>\n<\/td><td class=''>11 hectares de domaine priv\u00e9 avec vignes et verger<\/td><\/tr><tr class=''><td class=''>\n<style type=\"text\/css\" data-created_by=\"avia_inline_auto\" id=\"style-css-av-av_font_icon-b17d69dc9adc5abc8b8beb0774c40031\">\n.av_font_icon.av-av_font_icon-b17d69dc9adc5abc8b8beb0774c40031{\ncolor:#cc3030;\nborder-color:#cc3030;\n}\n.av_font_icon.av-av_font_icon-b17d69dc9adc5abc8b8beb0774c40031 .av-icon-char{\nfont-size:25px;\nline-height:25px;\n}\n<\/style>\n<span  class=\"av_font_icon av-av_font_icon-b17d69dc9adc5abc8b8beb0774c40031 avia_animate_when_visible av-icon-style- avia-icon-pos-left avia-icon-animate \"><span class='av-icon-char' aria-hidden='true' data-av_icon='\ue80b' data-av_iconfont='entypo-fontello' ><\/span><\/span><br \/>\n<\/td><td class=''>Capacit\u00e9 10 personnes, 5 suites avec salle de bains<\/td><\/tr><tr class=''><td class=''>\n<style type=\"text\/css\" data-created_by=\"avia_inline_auto\" id=\"style-css-av-av_font_icon-880b04e8520f8913c3e83f434dfb56ab\">\n.av_font_icon.av-av_font_icon-880b04e8520f8913c3e83f434dfb56ab{\ncolor:#cc3030;\nborder-color:#cc3030;\n}\n.av_font_icon.av-av_font_icon-880b04e8520f8913c3e83f434dfb56ab .av-icon-char{\nfont-size:25px;\nline-height:25px;\n}\n<\/style>\n<span  class=\"av_font_icon av-av_font_icon-880b04e8520f8913c3e83f434dfb56ab avia_animate_when_visible av-icon-style- avia-icon-pos-left avia-icon-animate \"><span class='av-icon-char' aria-hidden='true' data-av_icon='\ue853' data-av_iconfont='entypo-fontello' ><\/span><\/span><br \/>\n<\/td><td class=''>Climatisation et wifi<\/td><\/tr><tr class=''><td class=''>\n<style type=\"text\/css\" data-created_by=\"avia_inline_auto\" id=\"style-css-av-av_font_icon-da35134ff9c48eaa78e7f5c610209771\">\n.av_font_icon.av-av_font_icon-da35134ff9c48eaa78e7f5c610209771{\ncolor:#cc3030;\nborder-color:#cc3030;\n}\n.av_font_icon.av-av_font_icon-da35134ff9c48eaa78e7f5c610209771 .av-icon-char{\nfont-size:25px;\nline-height:25px;\n}\n<\/style>\n<span  class=\"av_font_icon av-av_font_icon-da35134ff9c48eaa78e7f5c610209771 avia_animate_when_visible av-icon-style- avia-icon-pos-left avia-icon-animate \"><span class='av-icon-char' aria-hidden='true' data-av_icon='\ue8ce' data-av_iconfont='entypo-fontello' ><\/span><\/span><\/td><td class=''>Piscine<\/td><\/tr><\/tbody><\/table><\/div><\/p><\/div><\/div><\/div><\/div><!-- close content main div --><\/div><\/div>\n<style type=\"text\/css\" data-created_by=\"avia_inline_auto\" id=\"style-css-av-av_section-14c0a35148df6b019e63ef316279f35f\">\n.avia-section.av-av_section-14c0a35148df6b019e63ef316279f35f{\nbackground-repeat:no-repeat;\nbackground-image:url(https:\/\/masiacalagusti.com\/wp-content\/uploads\/2015\/05\/MG_8007-1500x962.jpg);\nbackground-position:50% 100%;\nbackground-attachment:fixed;\n}\n<\/style>\n<div id='av_section_2'  class='avia-section av-av_section-14c0a35148df6b019e63ef316279f35f main_color avia-section-default avia-no-shadow  avia-builder-el-18  el_after_av_one_third  avia-builder-el-last  avia-bg-style-fixed  av-minimum-height av-minimum-height-75  container_wrap sidebar_right'  data-section-bg-repeat='no-repeat' data-av_minimum_height_pc='75'><div class='container av-section-cont-open' ><div class='template-page content  av-content-small alpha units'><div class='post-entry post-entry-type-page post-entry-939'><div class='entry-content-wrapper clearfix'><\/div><\/div><\/div><!-- close content main div --><\/div><\/div><div id='after_section_2'  class='main_color av_default_container_wrap container_wrap sidebar_right'  ><div class='container av-section-cont-open' ><div class='template-page content  av-content-small alpha units'><div class='post-entry post-entry-type-page post-entry-939'><div class='entry-content-wrapper clearfix'><\/p>\n","protected":false},"excerpt":{"rendered":"","protected":false},"author":1,"featured_media":0,"parent":0,"menu_order":0,"comment_status":"open","ping_status":"closed","template":"","meta":{"footnotes":""},"_links":{"self":[{"href":"https:\/\/masiacalagusti.com\/fr\/wp-json\/wp\/v2\/pages\/939"}],"collection":[{"href":"https:\/\/masiacalagusti.com\/fr\/wp-json\/wp\/v2\/pages"}],"about":[{"href":"https:\/\/masiacalagusti.com\/fr\/wp-json\/wp\/v2\/types\/page"}],"author":[{"embeddable":true,"href":"https:\/\/masiacalagusti.com\/fr\/wp-json\/wp\/v2\/users\/1"}],"replies":[{"embeddable":true,"href":"https:\/\/masiacalagusti.com\/fr\/wp-json\/wp\/v2\/comments?post=939"}],"version-history":[{"count":4,"href":"https:\/\/masiacalagusti.com\/fr\/wp-json\/wp\/v2\/pages\/939\/revisions"}],"predecessor-version":[{"id":1150,"href":"https:\/\/masiacalagusti.com\/fr\/wp-json\/wp\/v2\/pages\/939\/revisions\/1150"}],"wp:attachment":[{"href":"https:\/\/masiacalagusti.com\/fr\/wp-json\/wp\/v2\/media?parent=939"}],"curies":[{"name":"wp","href":"https:\/\/api.w.org\/{rel}","templated":true}]}}